{"id":141,"date":"2023-08-28T10:19:41","date_gmt":"2023-08-28T08:19:41","guid":{"rendered":"https:\/\/leichtsinn.coach\/?page_id=141"},"modified":"2026-04-20T11:31:49","modified_gmt":"2026-04-20T09:31:49","slug":"impressum","status":"publish","type":"page","link":"https:\/\/leichtsinn.coach\/en\/impressum\/","title":{"rendered":"Imprint"},"content":{"rendered":"<h2 class=\"wp-block-heading\">Imprint<\/h2>\n\n\n\n<p>Fabienne Fleischmann <br>Paartherapie &amp; Coaching leichtSINN<br>Johannesstrasse 39-45<br>70176 Stuttgart<\/p>\n\n\n\n<p><\/p>\n\n\n\n<p><strong>Adresse Praxis: <br>Traubenstra\u00dfe 51<br>70176 Stuttgart<\/strong><\/p>\n\n\n\n<p>Telefon: 01721757746<br>E-Mail: <span class=\"is-button\"><a href=\"mailto:kontakt@leichtsinn.coach\">kontakt@leichtsinn.coach<\/a><\/span> <\/p>\n\n\n\n<p><strong>Verantwortlich fu\u0308r den Inhalt<\/strong> (gem. \u00a7 55 Abs. 2 RStV):<br>Fabienne Fleischmann<br><\/p>\n\n\n\n<h2 class=\"wp-block-heading\">Disclaimer \u2013 rechtliche Hinweise<\/h2>\n\n\n\n<p>\u00a7 1 Warnhinweis zu Inhalten<br>Die kostenlosen und frei zug\u00e4nglichen Inhalte dieser Webseite wurden mit gr\u00f6\u00dftm\u00f6glicher Sorgfalt erstellt. Der Anbieter dieser Webseite u\u0308bernimmt jedoch keine Gew\u00e4hr fu\u0308r die Richtigkeit und Aktualit\u00e4t der bereitgestellten kostenlosen und frei zug\u00e4nglichen journalistischen Ratgeber und Nachrichten. Namentlich gekennzeichnete Beitr\u00e4ge geben die Meinung des jeweiligen Autors und nicht immer die Meinung des Anbieters wieder. Allein durch den Aufruf der kostenlosen und frei zug\u00e4nglichen Inhalte kommt keinerlei Vertragsverh\u00e4ltnis zwischen dem Nutzer und dem Anbieter zustande, insoweit fehlt es am Rechtsbindungswillen des Anbieters.<\/p>\n\n\n\n<p>\u00a7 2 Externe Links<br>Diese Website enth\u00e4lt Verknu\u0308pfungen zu Websites Dritter (&#8222;externe Links&#8220;). Diese Websites unterliegen der Haftung der jeweiligen Betreiber. Der Anbieter hat bei der erstmaligen Verknu\u0308pfung der externen Links die fremden Inhalte daraufhin u\u0308berpru\u0308ft, ob etwaige Rechtsverst\u00f6\u00dfe bestehen. Zu dem Zeitpunkt waren keine Rechtsverst\u00f6\u00dfe ersichtlich. Der Anbieter hat keinerlei Einfluss auf die aktuelle und zuku\u0308nftige Gestaltung und auf die Inhalte der verknu\u0308pften Seiten. Das Setzen von externen Links bedeutet nicht, dass sich der Anbieter die hinter dem Verweis oder Link liegenden Inhalte zu Eigen macht. Eine st\u00e4ndige Kontrolle der externen Links ist fu\u0308r den Anbieter ohne konkrete Hinweise auf Rechtsverst\u00f6\u00dfe nicht zumutbar. Bei Kenntnis von Rechtsverst\u00f6\u00dfen werden jedoch derartige externe Links unverzu\u0308glich gel\u00f6scht.<\/p>\n\n\n\n<p>\u00a7 3 Urheber- und Leistungsschutzrechte<br>Die auf dieser Website ver\u00f6ffentlichten Inhalte unterliegen dem deutschen Urheber- und Leistungsschutzrecht. Jede vom deutschen Urheber- und Leistungsschutzrecht nicht zugelassene Verwertung bedarf der vorherigen schriftlichen Zustimmung des Anbieters oder jeweiligen Rechteinhabers. Dies gilt insbesondere fu\u0308r Vervielf\u00e4ltigung, Bearbeitung, \u00dcbersetzung, Einspeicherung, Verarbeitung bzw. Wiedergabe von Inhalten in Datenbanken oder anderen elektronischen Medien und Systemen. Inhalte und Rechte Dritter sind dabei als solche gekennzeichnet. Die unerlaubte Vervielf\u00e4ltigung oder Weitergabe einzelner Inhalte oder kompletter Seiten ist nicht gestattet und strafbar. Lediglich die Herstellung von Kopien und Downloads fu\u0308r den pers\u00f6nlichen, privaten und nicht kommerziellen Gebrauch ist erlaubt.<\/p>\n\n\n\n<p>Die Darstellung dieser Website in fremden Frames ist nur mit schriftlicher Erlaubnis zul\u00e4ssig.<\/p>\n\n\n\n<p>\u00a7 4 Besondere Nutzungsbedingungen<br>Soweit besondere Bedingungen fu\u0308r einzelne Nutzungen dieser Website von den vorgenannten Paragraphen abweichen, wird an entsprechender Stelle ausdru\u0308cklich darauf hingewiesen. In diesem Falle gelten im jeweiligen Einzelfall die besonderen Nutzungsbedingungen.<\/p>\n\n\n\n<p>\u00a7 5 Datenschutz<\/p>\n\n\n\n<p><strong>1. Verantwortliche Stelle<\/strong><br>Verantwortlich f\u00fcr die Datenverarbeitung auf dieser Website ist:<br>Fabienne Fleischmann <br>Paartherapie &amp; Coaching leichtSINN<br>Traubenstra\u00dfe 51<br>70176 Stuttgart<br><br><strong>2. Allgemeine Hinweise zur Datenverarbeitung<\/strong><br>Die Nutzung meiner Website ist in der Regel ohne Angabe personenbezogener Daten m\u00f6glich.<br>Sofern personenbezogene Daten (z. B. Name, E-Mail-Adresse) erhoben werden, erfolgt dies auf freiwilliger Basis.<br><br>Ich verarbeite personenbezogene Daten ausschlie\u00dflich im Rahmen der gesetzlichen Bestimmungen (DSGVO).<br>Ich weise darauf hin, dass die Daten\u00fcbertragung im Internet (z. B. bei der Kommunikation per E-Mail) Sicherheitsl\u00fccken aufweisen kann.<br><br><strong>3. Terminbuchung \u00fcber Terminland<\/strong><br>Auf meiner Website haben Sie die M\u00f6glichkeit, Termine \u00fcber den Dienst \u201eTerminland\u201c zu buchen. Anbieter ist die Terminland GmbH, Deutschland.<br><br>Zur Bereitstellung der Online-Terminbuchung wird ein Buchungssystem von Terminland eingebunden. Wenn Sie einen Termin buchen, werden die von Ihnen eingegebenen Daten (z. B. Name, Kontaktdaten, ggf. Anliegen) zum Zweck der Terminvereinbarung und Durchf\u00fchrung verarbeitet.<br><br>Die Verarbeitung erfolgt auf Grundlage von Art. 6 Abs. 1 lit. b DSGVO (vorvertragliche Ma\u00dfnahmen) sowie ggf. Art. 6 Abs. 1 lit. a DSGVO (Einwilligung).<br><br>Ich habe mit Terminland einen Vertrag zur Auftragsverarbeitung gem\u00e4\u00df Art. 28 DSGVO abgeschlossen.<br><br>Weitere Informationen:<br>https:\/\/www.terminland.de\/datenschutz\/<br><br><strong>4. Einbindung externer Inhalte (iFrame)<\/strong><br>Auf dieser Website wird ein Buchungssystem \u00fcber ein iFrame eingebunden. Beim Laden dieses Inhalts wird eine Verbindung zu den Servern von Terminland hergestellt. Dabei k\u00f6nnen personenbezogene Daten (z. B. IP-Adresse) \u00fcbertragen werden.<br><\/p>\n\n\n\n<p><strong>5. Google Analytics<\/strong><\/p>\n\n\n\n<p>Diese Website nutzt Google Analytics, einen Webanalysedienst der Google.<\/p>\n\n\n\n<p>Google Analytics verwendet Cookies, die eine Analyse der Nutzung der Website erm\u00f6glichen. Die Verarbeitung erfolgt ausschlie\u00dflich auf Grundlage Ihrer Einwilligung (Art. 6 Abs. 1 lit. a DSGVO).<\/p>\n\n\n\n<p>Sie k\u00f6nnen Ihre Einwilligung jederzeit widerrufen.<\/p>\n\n\n\n<p><br><strong>6. Ihre Rechte<\/strong><br>Sie haben jederzeit das Recht:<br>Auskunft \u00fcber Ihre gespeicherten Daten<br>Berichtigung unrichtiger Daten<br>L\u00f6schung Ihrer Daten<br>Einschr\u00e4nkung der Verarbeitung<br>Daten\u00fcbertragbarkeit<br>Widerruf einer Einwilligung<br><br><strong>7. Datensicherheit<\/strong><br>Ich setze technische und organisatorische Ma\u00dfnahmen ein, um Ihre Daten vor Verlust, Manipulation und unbefugtem Zugriff zu sch\u00fctzen.<br><br><strong>8. Hinweis zu sensiblen Daten<\/strong><br>Bitte beachten Sie, dass Sie im Rahmen der Terminbuchung freiwillig auch sensible Informationen \u00fcbermitteln k\u00f6nnen. Ich empfehle, im Buchungsformular nur die notwendigen Angaben zu machen.<br><br><strong>9. Haftung f\u00fcr Inhalte<\/strong><br>Die Inhalte meiner Website wurden mit gr\u00f6\u00dftm\u00f6glicher Sorgfalt erstellt. F\u00fcr die Richtigkeit, Vollst\u00e4ndigkeit und Aktualit\u00e4t der Inhalte kann ich jedoch keine Gew\u00e4hr \u00fcbernehmen.<br><br><strong>10. Haftung f\u00fcr Links<\/strong><br>Diese Website enth\u00e4lt Links zu externen Websites Dritter, auf deren Inhalte ich keinen Einfluss habe. F\u00fcr diese fremden Inhalte \u00fcbernehme ich keine Gew\u00e4hr. Bei Bekanntwerden von Rechtsverletzungen werde ich derartige Links umgehend entfernen.<br><br><strong>11. Urheberrecht<\/strong><br>Die auf dieser Website ver\u00f6ffentlichten Inhalte unterliegen dem deutschen Urheberrecht. Jede Art der Verwertung au\u00dferhalb der Grenzen des Urheberrechts bedarf meiner schriftlichen Zustimmung.<br><br>Downloads und Kopien dieser Seite sind nur f\u00fcr den privaten, nicht kommerziellen Gebrauch gestattet.<br><\/p>\n\n\n\n<p>\u00a7 6 Google Analytics<\/p>\n\n\n\n<p>Diese Website benutzt Google Analytics, einen Webanalysedienst der Google Inc. (&#8220;Google&#8220;). Google Analytics verwendet sog. &#8220;Cookies&#8220;, Textdateien, die auf Ihrem Computer gespeichert werden und die eine Analyse der Benutzung der Website durch Sie erm\u00f6glicht. Die durch den Cookie erzeugten Informationen \u00fcber Ihre Benutzung dieser Website (einschlie\u00dflich Ihrer IP-Adresse) wird an einen Server von Google in den USA \u00fcbertragen und dort gespeichert. Google wird diese Informationen benutzen, um Ihre Nutzung der Website auszuwerten, um Reports \u00fcber die Websiteaktivit\u00e4ten f\u00fcr die Websitebetreiber zusammenzustellen und um weitere mit der Websitenutzung und der Internetnutzung verbundene Dienstleistungen zu erbringen. Auch wird Google diese Informationen gegebenenfalls an Dritte \u00fcbertragen, sofern dies gesetzlich vorgeschrieben oder soweit Dritte diese Daten im Auftrag von Google verarbeiten. Google wird in keinem Fall Ihre IP-Adresse mit anderen Daten der Google in Verbindung bringen. Sie k\u00f6nnen die Installation der Cookies durch eine entsprechende Einstellung Ihrer Browser Software verhindern; wir weisen Sie jedoch darauf hin, dass Sie in diesem Fall gegebenenfalls nicht s\u00e4mtliche Funktionen dieser Website voll umf\u00e4nglich nutzen k\u00f6nnen. Durch die Nutzung dieser Website erkl\u00e4ren Sie sich mit der Bearbeitung der \u00fcber Sie erhobenen Daten durch Google in der zuvor beschriebenen Art und Weise und zu dem zuvor benannten Zweck einverstanden.<\/p>","protected":false},"excerpt":{"rendered":"<p>Impressum Fabienne Fleischmann Paartherapie &amp; Coaching leichtSINNJohannesstrasse 39-4570176 Stuttgart Adresse Praxis: Traubenstra\u00dfe 5170176 Stuttgart Telefon: 01721757746E-Mail: kontakt@leichtsinn.coach Verantwortlich fu\u0308r den Inhalt (gem. \u00a7 55 Abs. 2 RStV):Fabienne Fleischmann Disclaimer \u2013 rechtliche Hinweise \u00a7 1 Warnhinweis zu InhaltenDie kostenlosen und frei zug\u00e4nglichen Inhalte dieser Webseite wurden mit gr\u00f6\u00dftm\u00f6glicher Sorgfalt erstellt. Der Anbieter dieser Webseite u\u0308bernimmt jedoch [&hellip;]<\/p>\n","protected":false},"author":1,"featured_media":0,"parent":0,"menu_order":0,"comment_status":"closed","ping_status":"closed","template":"","meta":{"greyd_block_editor_preview":[],"footnotes":""},"class_list":["post-141","page","type-page","status-publish","hentry"],"yoast_head":"<!-- This site is optimized with the Yoast SEO plugin v27.6 - https:\/\/yoast.com\/product\/yoast-seo-wordpress\/ -->\n<title>Impressum - leichtSINN<\/title>\n<meta name=\"robots\" content=\"index, follow, max-snippet:-1, max-image-preview:large, max-video-preview:-1\" \/>\n<link rel=\"canonical\" href=\"https:\/\/leichtsinn.coach\/en\/impressum\/\" \/>\n<meta property=\"og:locale\" content=\"en_US\" \/>\n<meta property=\"og:type\" content=\"article\" \/>\n<meta property=\"og:title\" content=\"Impressum - leichtSINN\" \/>\n<meta property=\"og:description\" content=\"Impressum Fabienne Fleischmann Paartherapie &amp; Coaching leichtSINNJohannesstrasse 39-4570176 Stuttgart Adresse Praxis: Traubenstra\u00dfe 5170176 Stuttgart Telefon: 01721757746E-Mail: kontakt@leichtsinn.coach Verantwortlich fu\u0308r den Inhalt (gem. \u00a7 55 Abs. 2 RStV):Fabienne Fleischmann Disclaimer \u2013 rechtliche Hinweise \u00a7 1 Warnhinweis zu InhaltenDie kostenlosen und frei zug\u00e4nglichen Inhalte dieser Webseite wurden mit gr\u00f6\u00dftm\u00f6glicher Sorgfalt erstellt. Der Anbieter dieser Webseite u\u0308bernimmt jedoch [&hellip;]\" \/>\n<meta property=\"og:url\" content=\"https:\/\/leichtsinn.coach\/en\/impressum\/\" \/>\n<meta property=\"og:site_name\" content=\"leichtSINN\" \/>\n<meta property=\"article:modified_time\" content=\"2026-04-20T09:31:49+00:00\" \/>\n<meta name=\"twitter:card\" content=\"summary_large_image\" \/>\n<meta name=\"twitter:label1\" content=\"Est. reading time\" \/>\n\t<meta name=\"twitter:data1\" content=\"6 minutes\" \/>\n<script type=\"application\/ld+json\" class=\"yoast-schema-graph\">{\"@context\":\"https:\\\/\\\/schema.org\",\"@graph\":[{\"@type\":\"WebPage\",\"@id\":\"https:\\\/\\\/leichtsinn.coach\\\/impressum\\\/\",\"url\":\"https:\\\/\\\/leichtsinn.coach\\\/impressum\\\/\",\"name\":\"Impressum - leichtSINN\",\"isPartOf\":{\"@id\":\"https:\\\/\\\/leichtsinn.coach\\\/#website\"},\"datePublished\":\"2023-08-28T08:19:41+00:00\",\"dateModified\":\"2026-04-20T09:31:49+00:00\",\"breadcrumb\":{\"@id\":\"https:\\\/\\\/leichtsinn.coach\\\/impressum\\\/#breadcrumb\"},\"inLanguage\":\"en-US\",\"potentialAction\":[{\"@type\":\"ReadAction\",\"target\":[\"https:\\\/\\\/leichtsinn.coach\\\/impressum\\\/\"]}]},{\"@type\":\"BreadcrumbList\",\"@id\":\"https:\\\/\\\/leichtsinn.coach\\\/impressum\\\/#breadcrumb\",\"itemListElement\":[{\"@type\":\"ListItem\",\"position\":1,\"name\":\"Startseite\",\"item\":\"https:\\\/\\\/leichtsinn.coach\\\/\"},{\"@type\":\"ListItem\",\"position\":2,\"name\":\"Impressum\"}]},{\"@type\":\"WebSite\",\"@id\":\"https:\\\/\\\/leichtsinn.coach\\\/#website\",\"url\":\"https:\\\/\\\/leichtsinn.coach\\\/\",\"name\":\"leichtSINN\",\"description\":\"Paartherapie &amp; Systemisches Coaching online &amp; in Stuttgart\",\"publisher\":{\"@id\":\"https:\\\/\\\/leichtsinn.coach\\\/#organization\"},\"potentialAction\":[{\"@type\":\"SearchAction\",\"target\":{\"@type\":\"EntryPoint\",\"urlTemplate\":\"https:\\\/\\\/leichtsinn.coach\\\/?s={search_term_string}\"},\"query-input\":{\"@type\":\"PropertyValueSpecification\",\"valueRequired\":true,\"valueName\":\"search_term_string\"}}],\"inLanguage\":\"en-US\"},{\"@type\":\"Organization\",\"@id\":\"https:\\\/\\\/leichtsinn.coach\\\/#organization\",\"name\":\"leichtSINN\",\"url\":\"https:\\\/\\\/leichtsinn.coach\\\/\",\"logo\":{\"@type\":\"ImageObject\",\"inLanguage\":\"en-US\",\"@id\":\"https:\\\/\\\/leichtsinn.coach\\\/#\\\/schema\\\/logo\\\/image\\\/\",\"url\":\"https:\\\/\\\/leichtsinn.coach\\\/wp-content\\\/uploads\\\/2023\\\/08\\\/cropped-leichtSINN-Coaching_Logo.png\",\"contentUrl\":\"https:\\\/\\\/leichtsinn.coach\\\/wp-content\\\/uploads\\\/2023\\\/08\\\/cropped-leichtSINN-Coaching_Logo.png\",\"width\":985,\"height\":985,\"caption\":\"leichtSINN\"},\"image\":{\"@id\":\"https:\\\/\\\/leichtsinn.coach\\\/#\\\/schema\\\/logo\\\/image\\\/\"}}]}<\/script>\n<!-- \/ Yoast SEO plugin. -->","yoast_head_json":{"title":"Impressum - leichtSINN","robots":{"index":"index","follow":"follow","max-snippet":"max-snippet:-1","max-image-preview":"max-image-preview:large","max-video-preview":"max-video-preview:-1"},"canonical":"https:\/\/leichtsinn.coach\/en\/impressum\/","og_locale":"en_US","og_type":"article","og_title":"Impressum - leichtSINN","og_description":"Impressum Fabienne Fleischmann Paartherapie &amp; Coaching leichtSINNJohannesstrasse 39-4570176 Stuttgart Adresse Praxis: Traubenstra\u00dfe 5170176 Stuttgart Telefon: 01721757746E-Mail: kontakt@leichtsinn.coach Verantwortlich fu\u0308r den Inhalt (gem. \u00a7 55 Abs. 2 RStV):Fabienne Fleischmann Disclaimer \u2013 rechtliche Hinweise \u00a7 1 Warnhinweis zu InhaltenDie kostenlosen und frei zug\u00e4nglichen Inhalte dieser Webseite wurden mit gr\u00f6\u00dftm\u00f6glicher Sorgfalt erstellt. Der Anbieter dieser Webseite u\u0308bernimmt jedoch [&hellip;]","og_url":"https:\/\/leichtsinn.coach\/en\/impressum\/","og_site_name":"leichtSINN","article_modified_time":"2026-04-20T09:31:49+00:00","twitter_card":"summary_large_image","twitter_misc":{"Est. reading time":"6 minutes"},"schema":{"@context":"https:\/\/schema.org","@graph":[{"@type":"WebPage","@id":"https:\/\/leichtsinn.coach\/impressum\/","url":"https:\/\/leichtsinn.coach\/impressum\/","name":"Impressum - leichtSINN","isPartOf":{"@id":"https:\/\/leichtsinn.coach\/#website"},"datePublished":"2023-08-28T08:19:41+00:00","dateModified":"2026-04-20T09:31:49+00:00","breadcrumb":{"@id":"https:\/\/leichtsinn.coach\/impressum\/#breadcrumb"},"inLanguage":"en-US","potentialAction":[{"@type":"ReadAction","target":["https:\/\/leichtsinn.coach\/impressum\/"]}]},{"@type":"BreadcrumbList","@id":"https:\/\/leichtsinn.coach\/impressum\/#breadcrumb","itemListElement":[{"@type":"ListItem","position":1,"name":"Startseite","item":"https:\/\/leichtsinn.coach\/"},{"@type":"ListItem","position":2,"name":"Impressum"}]},{"@type":"WebSite","@id":"https:\/\/leichtsinn.coach\/#website","url":"https:\/\/leichtsinn.coach\/","name":"leichtSINN","description":"Paartherapie &amp; Systemisches Coaching online &amp; in Stuttgart","publisher":{"@id":"https:\/\/leichtsinn.coach\/#organization"},"potentialAction":[{"@type":"SearchAction","target":{"@type":"EntryPoint","urlTemplate":"https:\/\/leichtsinn.coach\/?s={search_term_string}"},"query-input":{"@type":"PropertyValueSpecification","valueRequired":true,"valueName":"search_term_string"}}],"inLanguage":"en-US"},{"@type":"Organization","@id":"https:\/\/leichtsinn.coach\/#organization","name":"leichtSINN","url":"https:\/\/leichtsinn.coach\/","logo":{"@type":"ImageObject","inLanguage":"en-US","@id":"https:\/\/leichtsinn.coach\/#\/schema\/logo\/image\/","url":"https:\/\/leichtsinn.coach\/wp-content\/uploads\/2023\/08\/cropped-leichtSINN-Coaching_Logo.png","contentUrl":"https:\/\/leichtsinn.coach\/wp-content\/uploads\/2023\/08\/cropped-leichtSINN-Coaching_Logo.png","width":985,"height":985,"caption":"leichtSINN"},"image":{"@id":"https:\/\/leichtsinn.coach\/#\/schema\/logo\/image\/"}}]}},"_links":{"self":[{"href":"https:\/\/leichtsinn.coach\/en\/wp-json\/wp\/v2\/pages\/141","targetHints":{"allow":["GET"]}}],"collection":[{"href":"https:\/\/leichtsinn.coach\/en\/wp-json\/wp\/v2\/pages"}],"about":[{"href":"https:\/\/leichtsinn.coach\/en\/wp-json\/wp\/v2\/types\/page"}],"author":[{"embeddable":true,"href":"https:\/\/leichtsinn.coach\/en\/wp-json\/wp\/v2\/users\/1"}],"replies":[{"embeddable":true,"href":"https:\/\/leichtsinn.coach\/en\/wp-json\/wp\/v2\/comments?post=141"}],"version-history":[{"count":0,"href":"https:\/\/leichtsinn.coach\/en\/wp-json\/wp\/v2\/pages\/141\/revisions"}],"wp:attachment":[{"href":"https:\/\/leichtsinn.coach\/en\/wp-json\/wp\/v2\/media?parent=141"}],"curies":[{"name":"wp","href":"https:\/\/api.w.org\/{rel}","templated":true}]}}